{"id":7311,"date":"2023-06-08T14:18:23","date_gmt":"2023-06-08T07:18:23","guid":{"rendered":"https:\/\/lethycorp.com\/?page_id=7311"},"modified":"2025-09-25T10:54:12","modified_gmt":"2025-09-25T03:54:12","slug":"%e6%9d%a1%e6%ac%be%e5%92%8c%e6%9d%a1%e4%bb%b6","status":"publish","type":"page","link":"https:\/\/lethycorp.com\/cn\/dieu-khoan-va-dieu-kien","title":{"rendered":"\u6761\u6b3e\u548c\u6761\u4ef6"},"content":{"rendered":"<p>\u6b22\u8fce\u8bbf\u95ee LethyCorp \u7f51\u7ad9\u3002\u8bbf\u95ee\u5e76\u4f7f\u7528\u672c\u7f51\u7ad9\u5373\u8868\u793a\u60a8\u540c\u610f\u5e76\u63a5\u53d7\u4ee5\u4e0b\u6761\u6b3e\u548c\u6761\u4ef6\u3002\u8bf7\u4ed4\u7ec6\u9605\u8bfb\u540e\u518d\u7ee7\u7eed\u3002.<\/p>\n\n\n\n<ol class=\"wp-block-list\">\n<li><strong>\u63a5\u53d7\u6761\u6b3e\uff1a<\/strong> \u4f7f\u7528\u672c\u7f51\u7ad9\u5373\u8868\u793a\u60a8\u786e\u8ba4\u5df2\u9605\u8bfb\u3001\u7406\u89e3\u5e76\u63a5\u53d7\u672c\u6761\u6b3e\u548c\u6761\u4ef6\u7684\u5168\u90e8\u5185\u5bb9\u3002\u5982\u679c\u60a8\u4e0d\u540c\u610f\u672c\u6761\u6b3e\u7684\u4efb\u4f55\u90e8\u5206\uff0c\u8bf7\u52ff\u4f7f\u7528\u672c\u7f51\u7ad9\u3002.<\/li>\n\n\n\n<li><strong>\u77e5\u8bc6\u4ea7\u6743\uff1a<\/strong> \u672c\u7f51\u7ad9\u7684\u6240\u6709\u5185\u5bb9\uff0c\u5305\u62ec\u4f46\u4e0d\u9650\u4e8e\u6587\u672c\u3001\u56fe\u5f62\u3001\u5fbd\u6807\u3001\u56fe\u7247\u3001\u89c6\u9891\u548c\u8f6f\u4ef6\uff0c\u5747\u4e3a LethyCorp \u6216\u5176\u8bb8\u53ef\u65b9\u7684\u8d22\u4ea7\uff0c\u53d7\u7248\u6743\u4fdd\u62a4\u3002\u672a\u7ecf LethyCorp \u4e8b\u5148\u4e66\u9762\u8bb8\u53ef\uff0c\u60a8\u4e0d\u5f97\u590d\u5236\u3001\u4fee\u6539\u3001\u5206\u53d1\u6216\u91cd\u65b0\u53d1\u5e03\u672c\u7f51\u7ad9\u7684\u4efb\u4f55\u5185\u5bb9\u3002.<\/li>\n\n\n\n<li><strong>\u7f51\u7ad9\u7684\u4f7f\u7528\uff1a<\/strong> \u60a8\u540c\u610f\u4ec5\u5c06\u672c\u7f51\u7ad9\u7528\u4e8e\u5408\u6cd5\u76ee\u7684\uff0c\u4e14\u4e0d\u5f97\u4fb5\u72af\u4ed6\u4eba\u6743\u5229\u3002\u60a8\u4e0d\u5f97\u4ece\u4e8b\u4efb\u4f55\u53ef\u80fd\u635f\u5bb3\u3001\u7981\u7528\u6216\u5e72\u6270\u672c\u7f51\u7ad9\u8fd0\u884c\u6216\u5e72\u6270\u4ed6\u4eba\u4f7f\u7528\u672c\u7f51\u7ad9\u7684\u6d3b\u52a8\u3002.<\/li>\n\n\n\n<li><strong>\u7528\u6237\u5e10\u6237\uff1a<\/strong> \u5982\u679c\u60a8\u5728\u672c\u7f51\u7ad9\u521b\u5efa\u5e10\u6237\uff0c\u60a8\u6709\u8d23\u4efb\u7ef4\u62a4\u60a8\u7684\u5e10\u6237\u4fe1\u606f\uff08\u5305\u62ec\u60a8\u7684\u7528\u6237\u540d\u548c\u5bc6\u7801\uff09\u7684\u673a\u5bc6\u6027\u3002\u60a8\u540c\u610f\u5bf9\u60a8\u5e10\u6237\u4e0b\u53d1\u751f\u7684\u6240\u6709\u6d3b\u52a8\u627f\u62c5\u8d23\u4efb\u3002.<\/li>\n\n\n\n<li><strong>\u7b2c\u4e09\u65b9\u94fe\u63a5\uff1a<\/strong> \u672c\u7f51\u7ad9\u53ef\u80fd\u5305\u542b\u7b2c\u4e09\u65b9\u7f51\u7ad9\u7684\u94fe\u63a5\uff0c\u4ee5\u65b9\u4fbf\u60a8\u4f7f\u7528\u3002LethyCorp \u4e0d\u8ba4\u53ef\u6216\u63a7\u5236\u8fd9\u4e9b\u7f51\u7ad9\u7684\u5185\u5bb9\u3002.<\/li>\n\n\n\n<li><strong>\u9690\u79c1\u653f\u7b56\uff1a<\/strong> LethyCorp \u81f4\u529b\u4e8e\u4fdd\u62a4\u60a8\u7684\u9690\u79c1\u3002\u60a8\u901a\u8fc7\u672c\u7f51\u7ad9\u5411\u6211\u4eec\u63d0\u4f9b\u7684\u4efb\u4f55\u4e2a\u4eba\u4fe1\u606f\u5747\u53d7\u6211\u4eec\u7684\u9690\u79c1\u653f\u7b56\u7ea6\u675f\u3002\u8bf7\u9605\u8bfb\u9690\u79c1\u653f\u7b56\uff0c\u4e86\u89e3\u6211\u4eec\u5982\u4f55\u6536\u96c6\u3001\u4f7f\u7528\u548c\u62ab\u9732\u60a8\u7684\u4e2a\u4eba\u4fe1\u606f\u3002.<\/li>\n\n\n\n<li><strong>\u514d\u8d23\u58f0\u660e\uff1a<\/strong> \u672c\u7f51\u7ad9\u6309\u201c\u73b0\u72b6\u201d\u548c\u201c\u53ef\u7528\u201d\u72b6\u6001\u63d0\u4f9b\uff0c\u4e0d\u9644\u5e26\u4efb\u4f55\u660e\u793a\u6216\u6697\u793a\u7684\u4fdd\u8bc1\u6216\u9648\u8ff0\u3002LethyCorp \u4e0d\u4fdd\u8bc1\u672c\u7f51\u7ad9\u65e0\u9519\u8bef\u3001\u5b89\u5168\u3001\u4e0d\u4e2d\u65ad\uff0c\u4ea6\u4e0d\u4fdd\u8bc1\u4efb\u4f55\u7f3a\u9677\u5c06\u5f97\u5230\u7ea0\u6b63\u3002\u60a8\u4f7f\u7528\u672c\u7f51\u7ad9\u7684\u98ce\u9669\u7531\u60a8\u81ea\u884c\u627f\u62c5\u3002.<\/li>\n\n\n\n<li><strong>\u8d23\u4efb\u9650\u5236\uff1a<\/strong> LethyCorp \u5bf9\u56e0\u4f7f\u7528\u672c\u7f51\u7ad9\u800c\u4ea7\u751f\u7684\u4efb\u4f55\u76f4\u63a5\u3001\u95f4\u63a5\u3001\u5076\u7136\u3001\u7279\u6b8a\u6216\u60e9\u7f5a\u6027\u635f\u5bb3\u4e0d\u627f\u62c5\u4efb\u4f55\u8d23\u4efb\u3002\u8fd9\u5305\u62ec\u56e0\u4f7f\u7528\u672c\u7f51\u7ad9\u63d0\u4f9b\u7684\u4fe1\u606f\u3001\u4ea7\u54c1\u6216\u670d\u52a1\u800c\u9020\u6210\u7684\u4efb\u4f55\u635f\u5bb3\u3002.<\/li>\n\n\n\n<li><strong>\u6cd5\u5f8b\u4fdd\u62a4\uff1a<\/strong> \u60a8\u540c\u610f\u4fdd\u62a4 LethyCorp \u53ca\u5176\u5173\u8054\u516c\u53f8\u3001\u6240\u6709\u4eba\u3001\u8463\u4e8b\u3001\u5458\u5de5\u548c\u4ee3\u7406\u4eba\u514d\u53d7\u56e0\u60a8\u4f7f\u7528\u672c\u7f51\u7ad9\u6216\u8fdd\u53cd\u8fd9\u4e9b\u6761\u6b3e\u548c\u6761\u4ef6\u800c\u4ea7\u751f\u7684\u4efb\u4f55\u7d22\u8d54\u3001\u635f\u5bb3\u3001\u8d23\u4efb\u3001\u8d39\u7528\u6216\u8981\u6c42\uff08\u5305\u62ec\u5408\u7406\u7684\u5f8b\u5e08\u8d39\uff09\u3002.<\/li>\n\n\n\n<li><strong>\u9002\u7528\u6cd5\u5f8b\uff1a<\/strong> \u8fd9\u4e9b\u6761\u6b3e\u548c\u6761\u4ef6\u5e94\u53d7 LethyCorp \u6240\u5728\u56fd\u5bb6\u7684\u6cd5\u5f8b\u7ba1\u8f96\u5e76\u4f9d\u5176\u89e3\u91ca\uff0c\u800c\u4e0d\u8003\u8651\u6cd5\u5f8b\u51b2\u7a81\u539f\u5219\u3002.<\/li>\n<\/ol>\n\n\n\n<p>\u7ee7\u7eed\u4f7f\u7528\u672c\u7f51\u7ad9\uff0c\u5373\u8868\u793a\u60a8\u63a5\u53d7\u8fd9\u4e9b\u6761\u6b3e\u548c\u6761\u4ef6\u3002\u5982\u6709\u4efb\u4f55\u7591\u95ee\u6216\u987e\u8651\uff0c\u8bf7\u901a\u8fc7\u7535\u5b50\u90ae\u4ef6\u8054\u7cfb\u6211\u4eec\uff1alethy@lethycorp.com\u3002.<\/p>\n\n\n\n<h2 class=\"wp-block-heading\"><\/h2>","protected":false},"excerpt":{"rendered":"<p>Ch\u00e0o m\u1eebng b\u1ea1n \u0111\u1ebfn v\u1edbi trang web c\u1ee7a LethyCorp. B\u1eb1ng c\u00e1ch truy c\u1eadp v\u00e0 s\u1eed d\u1ee5ng trang web n\u00e0y, b\u1ea1n \u0111\u1ed3ng \u00fd tu\u00e2n th\u1ee7 v\u00e0 ch\u1ea5p nh\u1eadn nh\u1eefng \u0111i\u1ec1u kho\u1ea3n v\u00e0 \u0111i\u1ec1u ki\u1ec7n sau \u0111\u00e2y. Vui l\u00f2ng \u0111\u1ecdc k\u1ef9 tr\u01b0\u1edbc khi ti\u1ebfp t\u1ee5c s\u1eed d\u1ee5ng. B\u1eb1ng c\u00e1ch ti\u1ebfp t\u1ee5c s\u1eed d\u1ee5ng trang web n\u00e0y, ch\u1ee9ng [&hellip;]<\/p>\n","protected":false},"author":1,"featured_media":0,"parent":0,"menu_order":0,"comment_status":"closed","ping_status":"closed","template":"","meta":{"_uag_custom_page_level_css":"","footnotes":""},"class_list":["post-7311","page","type-page","status-publish","hentry"],"uagb_featured_image_src":{"full":false,"thumbnail":false,"medium":false,"medium_large":false,"large":false,"1536x1536":false,"2048x2048":false,"trp-custom-language-flag":false,"bigger-recent-post-thumbnail":false},"uagb_author_info":{"display_name":"admin","author_link":"https:\/\/lethycorp.com\/cn\/author\/admin"},"uagb_comment_info":0,"uagb_excerpt":"Ch\u00e0o m\u1eebng b\u1ea1n \u0111\u1ebfn v\u1edbi trang web c\u1ee7a LethyCorp. B\u1eb1ng c\u00e1ch truy c\u1eadp v\u00e0 s\u1eed d\u1ee5ng trang web n\u00e0y, b\u1ea1n \u0111\u1ed3ng \u00fd tu\u00e2n th\u1ee7 v\u00e0 ch\u1ea5p nh\u1eadn nh\u1eefng \u0111i\u1ec1u kho\u1ea3n v\u00e0 \u0111i\u1ec1u ki\u1ec7n sau \u0111\u00e2y. Vui l\u00f2ng \u0111\u1ecdc k\u1ef9 tr\u01b0\u1edbc khi ti\u1ebfp t\u1ee5c s\u1eed d\u1ee5ng. B\u1eb1ng c\u00e1ch ti\u1ebfp t\u1ee5c s\u1eed d\u1ee5ng trang web n\u00e0y, ch\u1ee9ng&hellip;","_links":{"self":[{"href":"https:\/\/lethycorp.com\/cn\/wp-json\/wp\/v2\/pages\/7311","targetHints":{"allow":["GET"]}}],"collection":[{"href":"https:\/\/lethycorp.com\/cn\/wp-json\/wp\/v2\/pages"}],"about":[{"href":"https:\/\/lethycorp.com\/cn\/wp-json\/wp\/v2\/types\/page"}],"author":[{"embeddable":true,"href":"https:\/\/lethycorp.com\/cn\/wp-json\/wp\/v2\/users\/1"}],"replies":[{"embeddable":true,"href":"https:\/\/lethycorp.com\/cn\/wp-json\/wp\/v2\/comments?post=7311"}],"version-history":[{"count":0,"href":"https:\/\/lethycorp.com\/cn\/wp-json\/wp\/v2\/pages\/7311\/revisions"}],"wp:attachment":[{"href":"https:\/\/lethycorp.com\/cn\/wp-json\/wp\/v2\/media?parent=7311"}],"curies":[{"name":"wp","href":"https:\/\/api.w.org\/{rel}","templated":true}]}}