{"id":7315,"date":"2023-06-08T14:28:36","date_gmt":"2023-06-08T07:28:36","guid":{"rendered":"https:\/\/lethycorp.com\/?page_id=7315"},"modified":"2023-08-21T15:44:12","modified_gmt":"2023-08-21T08:44:12","slug":"insurance-policies","status":"publish","type":"page","link":"https:\/\/lethycorp.com\/en\/chinh-sach-bao-mat","title":{"rendered":"Privacy Policy"},"content":{"rendered":"\n<p>Ch\u00e0o m\u1eebng b\u1ea1n \u0111\u1ebfn v\u1edbi trang web c\u1ee7a LethyCorp. Ch\u00fang t\u00f4i \u0111\u1eb7c bi\u1ec7t coi tr\u1ecdng quy\u1ec1n ri\u00eang t\u01b0 c\u1ee7a b\u1ea1n v\u00e0 cam k\u1ebft b\u1ea3o v\u1ec7 th\u00f4ng tin c\u00e1 nh\u00e2n m\u00e0 b\u1ea1n chia s\u1ebb v\u1edbi ch\u00fang t\u00f4i. \u0110i\u1ec1u kho\u1ea3n sau \u0111\u00e2y m\u00f4 t\u1ea3 c\u00e1ch ch\u00fang t\u00f4i thu th\u1eadp, s\u1eed d\u1ee5ng v\u00e0 b\u1ea3o v\u1ec7 th\u00f4ng tin c\u00e1 nh\u00e2n c\u1ee7a b\u1ea1n.<\/p>\n\n\n\n<ol class=\"wp-block-list\">\n<li><strong>Thu th\u1eadp th\u00f4ng tin:<\/strong> Ch\u00fang t\u00f4i c\u00f3 th\u1ec3 thu th\u1eadp th\u00f4ng tin c\u00e1 nh\u00e2n t\u1eeb b\u1ea1n khi b\u1ea1n \u0111\u0103ng k\u00fd t\u00e0i kho\u1ea3n, \u0111i\u1ec1n v\u00e0o bi\u1ec3u m\u1eabu tr\u00ean trang web ho\u1eb7c t\u01b0\u01a1ng t\u00e1c v\u1edbi ch\u00fang t\u00f4i qua c\u00e1c ph\u01b0\u01a1ng ti\u1ec7n kh\u00e1c nh\u01b0 email ho\u1eb7c cu\u1ed9c tr\u00f2 chuy\u1ec7n tr\u1ef1c tuy\u1ebfn. Th\u00f4ng tin c\u00e1 nh\u00e2n c\u00f3 th\u1ec3 bao g\u1ed3m t\u00ean, \u0111\u1ecba ch\u1ec9 email, s\u1ed1 \u0111i\u1ec7n tho\u1ea1i v\u00e0 \u0111\u1ecba ch\u1ec9.<\/li>\n\n\n\n<li><strong>S\u1eed d\u1ee5ng th\u00f4ng tin:<\/strong> Ch\u00fang t\u00f4i s\u1eed d\u1ee5ng th\u00f4ng tin c\u00e1 nh\u00e2n c\u1ee7a b\u1ea1n \u0111\u1ec3 cung c\u1ea5p d\u1ecbch v\u1ee5 v\u00e0 s\u1ea3n ph\u1ea9m m\u00e0 b\u1ea1n y\u00eau c\u1ea7u, \u0111\u1ec3 li\u00ean h\u1ec7 v\u00e0 t\u01b0\u01a1ng t\u00e1c v\u1edbi b\u1ea1n, v\u00e0 \u0111\u1ec3 c\u1ea3i thi\u1ec7n tr\u1ea3i nghi\u1ec7m c\u1ee7a b\u1ea1n tr\u00ean trang web c\u1ee7a ch\u00fang t\u00f4i. Ch\u00fang t\u00f4i c\u0169ng c\u00f3 th\u1ec3 s\u1eed d\u1ee5ng th\u00f4ng tin \u0111\u1ec3 g\u1eedi th\u00f4ng b\u00e1o quan tr\u1ecdng ho\u1eb7c th\u00f4ng tin ti\u1ebfp th\u1ecb li\u00ean quan.<\/li>\n\n\n\n<li><strong>B\u1ea3o m\u1eadt th\u00f4ng tin:<\/strong> Ch\u00fang t\u00f4i \u0111\u1ea3m b\u1ea3o r\u1eb1ng th\u00f4ng tin c\u00e1 nh\u00e2n c\u1ee7a b\u1ea1n \u0111\u01b0\u1ee3c b\u1ea3o v\u1ec7 an to\u00e0n v\u00e0 kh\u00f4ng \u0111\u01b0\u1ee3c ti\u1ebft l\u1ed9 cho b\u00ean th\u1ee9 ba kh\u00f4ng li\u00ean quan. Ch\u00fang t\u00f4i \u00e1p d\u1ee5ng c\u00e1c bi\u1ec7n ph\u00e1p b\u1ea3o m\u1eadt th\u00edch h\u1ee3p \u0111\u1ec3 \u0111\u1ea3m b\u1ea3o t\u00ednh b\u1ea3o m\u1eadt c\u1ee7a th\u00f4ng tin.<\/li>\n\n\n\n<li><strong>Cookies v\u00e0 c\u00f4ng ngh\u1ec7 t\u01b0\u01a1ng t\u1ef1:<\/strong> Ch\u00fang t\u00f4i c\u00f3 th\u1ec3 s\u1eed d\u1ee5ng cookies v\u00e0 c\u00f4ng ngh\u1ec7 t\u01b0\u01a1ng t\u1ef1 \u0111\u1ec3 thu th\u1eadp th\u00f4ng tin kh\u00f4ng c\u00e1 nh\u00e2n v\u1ec1 vi\u1ec7c s\u1eed d\u1ee5ng trang web v\u00e0 cung c\u1ea5p tr\u1ea3i nghi\u1ec7m c\u00e1 nh\u00e2n h\u00f3a. B\u1ea1n c\u00f3 th\u1ec3 tu\u1ef3 ch\u1ec9nh c\u00e0i \u0111\u1eb7t tr\u00ecnh duy\u1ec7t c\u1ee7a m\u00ecnh \u0111\u1ec3 t\u1eeb ch\u1ed1i cookies, nh\u01b0ng \u0111i\u1ec1u n\u00e0y c\u00f3 th\u1ec3 \u1ea3nh h\u01b0\u1edfng \u0111\u1ebfn tr\u1ea3i nghi\u1ec7m c\u1ee7a b\u1ea1n tr\u00ean trang web.<\/li>\n\n\n\n<li><strong>Li\u00ean k\u1ebft b\u00ean th\u1ee9 ba:<\/strong> Trang web c\u1ee7a ch\u00fang t\u00f4i c\u00f3 th\u1ec3 ch\u1ee9a li\u00ean k\u1ebft \u0111\u1ebfn trang web c\u1ee7a b\u00ean th\u1ee9 ba. Ch\u00fang t\u00f4i kh\u00f4ng ch\u1ecbu tr\u00e1ch nhi\u1ec7m v\u1ec1 n\u1ed9i dung ho\u1eb7c c\u00e1c bi\u1ec7n ph\u00e1p b\u1ea3o m\u1eadt c\u1ee7a c\u00e1c trang web n\u00e0y. B\u1ea1n n\u00ean ki\u1ec3m tra c\u00e1c ch\u00ednh s\u00e1ch b\u1ea3o m\u1eadt c\u1ee7a c\u00e1c trang web \u0111\u00ea\u0309 bi\u1ebft c\u00e1ch th\u00f4ng tin c\u00e1 nh\u00e2n c\u1ee7a b\u1ea1n s\u1ebd \u0111\u01b0\u1ee3c thu th\u1eadp, s\u1eed d\u1ee5ng v\u00e0 b\u1ea3o v\u1ec7 tr\u00ean c\u00e1c trang web b\u00ean th\u1ee9 ba.<\/li>\n\n\n\n<li><strong>Quy\u1ec1n truy c\u1eadp v\u00e0 ch\u1ec9nh s\u1eeda th\u00f4ng tin c\u00e1 nh\u00e2n:<\/strong> B\u1ea1n c\u00f3 quy\u1ec1n truy c\u1eadp, ch\u1ec9nh s\u1eeda ho\u1eb7c y\u00eau c\u1ea7u xo\u00e1 th\u00f4ng tin c\u00e1 nh\u00e2n m\u00e0 ch\u00fang t\u00f4i \u0111\u00e3 thu th\u1eadp v\u1ec1 b\u1ea1n. N\u1ebfu b\u1ea1n mu\u1ed1n l\u00e0m \u0111i\u1ec1u n\u00e0y, vui l\u00f2ng li\u00ean h\u1ec7 v\u1edbi ch\u00fang t\u00f4i qua [th\u00f4ng tin li\u00ean h\u1ec7] v\u00e0 ch\u00fang t\u00f4i s\u1ebd cung c\u1ea5p h\u1ed7 tr\u1ee3 c\u1ea7n thi\u1ebft.<\/li>\n\n\n\n<li><strong>Thay \u0111\u1ed5i ch\u00ednh s\u00e1ch b\u1ea3o m\u1eadt:<\/strong> Ch\u00fang t\u00f4i c\u00f3 quy\u1ec1n thay \u0111\u1ed5i ch\u00ednh s\u00e1ch b\u1ea3o m\u1eadt n\u00e0y v\u00e0o b\u1ea5t k\u1ef3 th\u1eddi \u0111i\u1ec3m n\u00e0o. B\u1ea5t k\u1ef3 thay \u0111\u1ed5i n\u00e0o s\u1ebd \u0111\u01b0\u1ee3c \u0111\u0103ng tr\u00ean trang web v\u00e0 \u00e1p d\u1ee5ng ngay l\u1eadp t\u1ee9c sau khi \u0111\u0103ng. B\u1eb1ng c\u00e1ch ti\u1ebfp t\u1ee5c s\u1eed d\u1ee5ng trang web sau khi c\u00f3 b\u1ea5t k\u1ef3 thay \u0111\u1ed5i n\u00e0o, b\u1ea1n ch\u1ea5p nh\u1eadn c\u00e1c \u0111i\u1ec1u kho\u1ea3n c\u1ee7a ch\u00ednh s\u00e1ch b\u1ea3o m\u1eadt \u0111\u00e3 \u0111\u01b0\u1ee3c c\u1eadp nh\u1eadt.<\/li>\n\n\n\n<li>Ch\u00fang t\u00f4i khuy\u1ebfn ngh\u1ecb b\u1ea1n \u0111\u1ecdc k\u1ef9 v\u00e0 hi\u1ec3u r\u00f5 ch\u00ednh s\u00e1ch b\u1ea3o m\u1eadt c\u1ee7a ch\u00fang t\u00f4i tr\u01b0\u1edbc khi ti\u1ebfp t\u1ee5c s\u1eed d\u1ee5ng trang web. N\u1ebfu b\u1ea1n c\u00f3 b\u1ea5t k\u1ef3 c\u00e2u h\u1ecfi ho\u1eb7c y\u00eau c\u1ea7u n\u00e0o li\u00ean quan \u0111\u1ebfn b\u1ea3o m\u1eadt th\u00f4ng tin c\u00e1 nh\u00e2n, vui l\u00f2ng li\u00ean h\u1ec7 v\u1edbi ch\u00fang t\u00f4i.<\/li>\n<\/ol>\n","protected":false},"excerpt":{"rendered":"<p>Ch\u00e0o m\u1eebng b\u1ea1n \u0111\u1ebfn v\u1edbi trang web c\u1ee7a LethyCorp. Ch\u00fang t\u00f4i \u0111\u1eb7c bi\u1ec7t coi tr\u1ecdng quy\u1ec1n ri\u00eang t\u01b0 c\u1ee7a b\u1ea1n v\u00e0 cam k\u1ebft b\u1ea3o v\u1ec7 th\u00f4ng tin c\u00e1 nh\u00e2n m\u00e0 b\u1ea1n chia s\u1ebb v\u1edbi ch\u00fang t\u00f4i. \u0110i\u1ec1u kho\u1ea3n sau \u0111\u00e2y m\u00f4 t\u1ea3 c\u00e1ch ch\u00fang t\u00f4i thu th\u1eadp, s\u1eed d\u1ee5ng v\u00e0 b\u1ea3o v\u1ec7 th\u00f4ng tin c\u00e1 [&hellip;]<\/p>\n","protected":false},"author":1,"featured_media":0,"parent":0,"menu_order":0,"comment_status":"closed","ping_status":"closed","template":"","meta":{"_uag_custom_page_level_css":"","footnotes":""},"class_list":["post-7315","page","type-page","status-publish","hentry"],"uagb_featured_image_src":{"full":false,"thumbnail":false,"medium":false,"medium_large":false,"large":false,"1536x1536":false,"2048x2048":false,"trp-custom-language-flag":false,"bigger-recent-post-thumbnail":false},"uagb_author_info":{"display_name":"admin","author_link":"https:\/\/lethycorp.com\/en\/author\/admin"},"uagb_comment_info":0,"uagb_excerpt":"Ch\u00e0o m\u1eebng b\u1ea1n \u0111\u1ebfn v\u1edbi trang web c\u1ee7a LethyCorp. Ch\u00fang t\u00f4i \u0111\u1eb7c bi\u1ec7t coi tr\u1ecdng quy\u1ec1n ri\u00eang t\u01b0 c\u1ee7a b\u1ea1n v\u00e0 cam k\u1ebft b\u1ea3o v\u1ec7 th\u00f4ng tin c\u00e1 nh\u00e2n m\u00e0 b\u1ea1n chia s\u1ebb v\u1edbi ch\u00fang t\u00f4i. \u0110i\u1ec1u kho\u1ea3n sau \u0111\u00e2y m\u00f4 t\u1ea3 c\u00e1ch ch\u00fang t\u00f4i thu th\u1eadp, s\u1eed d\u1ee5ng v\u00e0 b\u1ea3o v\u1ec7 th\u00f4ng tin c\u00e1&hellip;","_links":{"self":[{"href":"https:\/\/lethycorp.com\/en\/wp-json\/wp\/v2\/pages\/7315","targetHints":{"allow":["GET"]}}],"collection":[{"href":"https:\/\/lethycorp.com\/en\/wp-json\/wp\/v2\/pages"}],"about":[{"href":"https:\/\/lethycorp.com\/en\/wp-json\/wp\/v2\/types\/page"}],"author":[{"embeddable":true,"href":"https:\/\/lethycorp.com\/en\/wp-json\/wp\/v2\/users\/1"}],"replies":[{"embeddable":true,"href":"https:\/\/lethycorp.com\/en\/wp-json\/wp\/v2\/comments?post=7315"}],"version-history":[{"count":0,"href":"https:\/\/lethycorp.com\/en\/wp-json\/wp\/v2\/pages\/7315\/revisions"}],"wp:attachment":[{"href":"https:\/\/lethycorp.com\/en\/wp-json\/wp\/v2\/media?parent=7315"}],"curies":[{"name":"wp","href":"https:\/\/api.w.org\/{rel}","templated":true}]}}